{"id":3,"date":"2025-03-03T13:24:12","date_gmt":"2025-03-03T13:24:12","guid":{"rendered":"https:\/\/mglimobelgrade.rs\/?page_id=3"},"modified":"2025-04-04T13:15:09","modified_gmt":"2025-04-04T13:15:09","slug":"politika-privatnosti","status":"publish","type":"page","link":"https:\/\/mglimobelgrade.rs\/en\/politika-privatnosti\/","title":{"rendered":"Privacy Policy"},"content":{"rendered":"<div data-elementor-type=\"wp-page\" data-elementor-id=\"3\" class=\"elementor elementor-3\">\n\t\t\t\t<div class=\"elementor-element elementor-element-3cd04518 e-flex e-con-boxed e-con e-parent\" data-id=\"3cd04518\" data-element_type=\"container\" data-e-type=\"container\">\n\t\t\t\t\t<div class=\"e-con-inner\">\n\t\t\t\t<div class=\"elementor-element elementor-element-416d23e9 elementor-widget elementor-widget-text-editor\" data-id=\"416d23e9\" data-element_type=\"widget\" data-e-type=\"widget\" data-settings=\"{&quot;ekit_we_effect_on&quot;:&quot;none&quot;}\" data-widget_type=\"text-editor.default\">\n\t\t\t\t<div class=\"elementor-widget-container\">\n\t\t\t\t\t\t\t\t\tMG Limousine Service \u2013 Serbia (hereinafter: \"service provider\") is committed to protecting the privacy of all visitors to our website. This privacy policy explains how we collect, use, and protect your personal data.\n\n<h2>Data Collection<\/h2>\nTokom va\u0161e posete sajtu, mo\u017eemo prikupiti odre\u0111ene informacije putem:\n\nkontakt forme koju dobrovoljno popunjavate,\n\nkola\u010di\u0107a (cookies) i alata za analizu posete sajtu, kao \u0161to je Google Analytics.\n\n<h2>Upotreba podataka<\/h2>\nLi\u010dni podaci koje ostavite (ime, e-mail adresa, broj telefona i sl.) koriste se isklju\u010divo u svrhu odgovora na va\u0161a pitanja ili pru\u017eanja usluge koju ste zatra\u017eili.\n\nPodaci koje prikupljamo preko Google Analytics-a koriste se u cilju bolje analize pona\u0161anja posetilaca, pobolj\u0161anja korisni\u010dkog iskustva i optimizacije sadr\u017eaja sajta.\n\n<h2>Use of Data<\/h2>\nMG Limousine Service \u2013 Serbia ne deli nikakve li\u010dne podatke sa tre\u0107im licima, niti \u0107e to \u010diniti bez va\u0161eg izri\u010ditog pristanka, osim u slu\u010dajevima kada je to zakonski obavezno.\n\nTako\u0111e, podaci koje po\u0161aljete putem kontakt forme ne\u0107e biti deljeni, prodavani ili ustupljeni bilo kojoj tre\u0107oj strani.\n\n<h2>Security<\/h2>\nWe take all reasonable technical and organizational measures to protect your data from unauthorized access, misuse, or loss.\n\n<h2>Cookies<\/h2>\nOur website uses cookies to enable basic functionalities and collect information through Google Analytics. By using our site, you agree to the use of cookies in accordance with this privacy policy.\n\n<h2>Your Rights<\/h2>\nYou have the right to request access to, correction, or deletion of your personal data that we store. You can contact us at any time via the email address provided on the website for more information.\n\n<h2>Privacy Policy Changes<\/h2>\nWe reserve the right to periodically update this policy. All changes will be published on this page.\t\t\t\t\t\t\t\t<\/div>\n\t\t\t\t<\/div>\n\t\t\t\t\t<\/div>\n\t\t\t\t<\/div>\n\t\t\t\t<\/div>","protected":false},"excerpt":{"rendered":"<p>MG Limousine Service \u2013 Serbia (u daljem tekstu: &#8222;pru\u017ealac usluga&#8220;) posve\u0107en je [&hellip;]<\/p>\n","protected":false},"author":1,"featured_media":0,"parent":0,"menu_order":0,"comment_status":"closed","ping_status":"closed","template":"","meta":{"footnotes":""},"class_list":["post-3","page","type-page","status-publish","hentry"],"_links":{"self":[{"href":"https:\/\/mglimobelgrade.rs\/en\/wp-json\/wp\/v2\/pages\/3","targetHints":{"allow":["GET"]}}],"collection":[{"href":"https:\/\/mglimobelgrade.rs\/en\/wp-json\/wp\/v2\/pages"}],"about":[{"href":"https:\/\/mglimobelgrade.rs\/en\/wp-json\/wp\/v2\/types\/page"}],"author":[{"embeddable":true,"href":"https:\/\/mglimobelgrade.rs\/en\/wp-json\/wp\/v2\/users\/1"}],"replies":[{"embeddable":true,"href":"https:\/\/mglimobelgrade.rs\/en\/wp-json\/wp\/v2\/comments?post=3"}],"version-history":[{"count":4,"href":"https:\/\/mglimobelgrade.rs\/en\/wp-json\/wp\/v2\/pages\/3\/revisions"}],"predecessor-version":[{"id":10189,"href":"https:\/\/mglimobelgrade.rs\/en\/wp-json\/wp\/v2\/pages\/3\/revisions\/10189"}],"wp:attachment":[{"href":"https:\/\/mglimobelgrade.rs\/en\/wp-json\/wp\/v2\/media?parent=3"}],"curies":[{"name":"wp","href":"https:\/\/api.w.org\/{rel}","templated":true}]}}